{"id":153,"date":"2026-03-06T10:40:40","date_gmt":"2026-03-06T10:40:40","guid":{"rendered":"https:\/\/litora.es\/?page_id=153"},"modified":"2026-03-19T11:22:56","modified_gmt":"2026-03-19T11:22:56","slug":"contact-3","status":"publish","type":"page","link":"https:\/\/litora.es\/pl\/contact-3\/","title":{"rendered":"Kontakt"},"content":{"rendered":"<div class=\"wp-block-group alignfull has-tertiary-background-color has-background has-global-padding is-layout-constrained wp-container-core-group-is-layout-1addc604 wp-block-group-is-layout-constrained\" style=\"margin-top:0;margin-bottom:0;padding-top:100px;padding-bottom:100px\">\n<h1 class=\"wp-block-heading has-text-align-center has-white-color has-text-color has-link-color wp-elements-15c9c56f931baced7405196bc73df49e\">SKONTUKTUJ SI\u0118 <\/h1>\n\n\n\n<p class=\"has-text-align-center has-white-color has-text-color has-link-color wp-elements-9c1f87cb8f495f43c41108d39fd190cf\">Odpowiadamy tylko na powa\u017cne zapytania. Ka\u017cda rozmowa jest traktowana z zachowaniem pe\u0142nej dyskrecji. <\/p>\n<\/div>\n\n\n\n<div class=\"wp-block-columns contact-page is-layout-flex wp-container-core-columns-is-layout-28f84493 wp-block-columns-is-layout-flex\">\n<div class=\"wp-block-column is-layout-flow wp-block-column-is-layout-flow\">\n<p class=\"has-secondary-color has-text-color has-link-color wp-elements-17dcaf735a8f568987124c788faf0b39\" style=\"letter-spacing:2px\">Skontaktuj si\u0119<\/p>\n\n\n\n<h2 class=\"wp-block-heading\">Zacznijmy rozmow\u0119<\/h2>\n\n\n\n<p>Niezale\u017cnie od tego, czy rozwa\u017casz przeprowadzk\u0119, inwestycj\u0119 w nieruchomo\u015b\u0107, czy po prostu chcesz  si\u0119 rozezna\u0107 \u2014 jeste\u015bmy tutaj, aby Ci pom\u00f3c<\/p>\n\n\n\n<p class=\"has-small-font-size\" style=\"letter-spacing:2px\">\ud83d\udccd<strong>Lokalizacja<\/strong><\/p>\n\n\n\n<p>Valencia Spain<\/p>\n\n\n\n<p class=\"has-small-font-size\" style=\"letter-spacing:2px\">\u2709 <strong>Email<\/strong><\/p>\n\n\n\n<p>info@litora.es<\/p>\n\n\n\n<p class=\"has-small-font-size\" style=\"letter-spacing:2px\">\ud83d\udcde<strong>Telefon<\/strong><\/p>\n\n\n\n<p>+34613755128<\/p>\n\n\n\n<p class=\"has-small-font-size\" style=\"letter-spacing:2px\">\ud83d\udd50<strong>Odpowied\u017c<\/strong><\/p>\n\n\n\n<p>Staramy si\u0119 odpowiedzie\u0107 w ci\u0105gu 24 godzin<\/p>\n\n\n\n<div class=\"wp-block-buttons is-layout-flex wp-block-buttons-is-layout-flex\">\n<div class=\"wp-block-button is-style-outline is-style-outline--1\"><a class=\"wp-block-button__link has-white-color has-primary-background-color has-text-color has-background has-link-color wp-element-button\" href=\"https:\/\/calendar.app.google\/s3H7qV92SJEjcsrd6\" target=\"_blank\" rel=\"noreferrer noopener\">UM\u00d3W SI\u0118 NA ROZMOW\u0118<\/a><\/div>\n<\/div>\n<\/div>\n\n\n\n<div class=\"wp-block-column is-layout-flow wp-block-column-is-layout-flow\">\n<p class=\"has-secondary-color has-text-color has-link-color wp-elements-6495a2a72827b723db871f0be1a776af\" style=\"letter-spacing:2px\">WY\u015aLIJ WIADOMO\u015a\u0106 <\/p>\n\n\n\n<h2 class=\"wp-block-heading\" style=\"text-transform:uppercase\"><strong>Formularz zapytania prywatnego<\/strong><\/h2>\n\n\n<style>#wpzf-45 + .notice { margin-top: 20px; padding: 15px; border-radius: 4px; }#wpzf-45 + .notice.success { background-color: #e7f7ed; color: #227045; border-left: 4px solid #46b450; }#wpzf-45 + .notice.error { background-color: #fde8e8; color: #8a1f11; border-left: 4px solid #cc0000; }#wpzf-45 + .notice p { margin: 0; }#wpzf-45-notice { scroll-margin-top: 24px; }<\/style><!-- ZOOM Forms Start -->\n\t\t\t<form id=\"wpzf-45\" method=\"post\" action=\"https:\/\/litora.es\/wp-admin\/admin-post.php\" class=\"wpzoom-forms_form\">\n\t\t\t<input type=\"hidden\" name=\"action\" value=\"wpzf_submit\" \/>\n\t\t\t<input type=\"hidden\" name=\"form_id\" value=\"45\" \/>\n\t\t\t<input type=\"hidden\" id=\"_wpnonce\" name=\"_wpnonce\" value=\"93ceb68512\" \/><input type=\"hidden\" name=\"_wp_http_referer\" value=\"\/pl\/wp-json\/wp\/v2\/pages\/153\" \/>\n\t\t\t\n<div class=\"wp-block-wpzoom-forms-form\">\n<label for=\"input_ae87379b\"><span>Pe\u0142ne imi\u0119 i nazwisko<\/span><sup class=\"wp-block-wpzoom-forms-required\">*<\/sup><\/label><input type=\"text\" name=\"wpzf_input_ae87379b\" id=\"input_ae87379b\" placeholder=\"\" required class=\"wp-block-wpzoom-forms-text-name-field\"\/>\n\n\n\n<label for=\"input_8468ae36\"><span>Email<\/span><sup class=\"wp-block-wpzoom-forms-required\">*<\/sup><\/label><input type=\"email\" name=\"wpzf_input_8468ae36\" id=\"input_8468ae36\" placeholder=\"\" required data-replyto=\"false\" class=\"wp-block-wpzoom-forms-text-email-field\"\/>\n\n\n\n<label for=\"input_6cc38be0\"><span>Kr\u00f3tko opisz swoje plany (opcjonalnie)<\/span><\/label><textarea name=\"wpzf_input_6cc38be0\" id=\"input_6cc38be0\" cols=\"55\" rows=\"10\" placeholder=\"\" class=\"wp-block-wpzoom-forms-textarea-field is-style-modern\" style=\"padding-top:0;padding-bottom:0\"><\/textarea>\n\n\n\n<div class=\"wp-block-wpzoom-forms-checkbox-field aligncenter\"><input type=\"checkbox\" name=\"wpzf_input_b8bb9b1f\" id=\"input_b8bb9b1f\"\/><label for=\"input_b8bb9b1f\"><span>Wyra\u017cam zgod\u0119 na przechowywanie i wykorzystywanie moich danych osobowych w celu odpowiedzi na moje zapytanie, zgodnie z Polityk\u0105 Prywatno\u015bci.<\/span><\/label><\/div>\n\n\n\n<div class=\"wp-block-columns are-vertically-aligned-center is-layout-flex wp-container-core-columns-is-layout-28f84493 wp-block-columns-is-layout-flex\">\n<div class=\"wp-block-column is-vertically-aligned-center is-layout-flow wp-block-column-is-layout-flow\" style=\"flex-basis:50%\">\n<input type=\"submit\" id=\"input_submit\" value=\"WY\u015aLIJ\" class=\"wp-block-wpzoom-forms-submit-field\"\/>\n<\/div>\n\n\n\n<div class=\"wp-block-column is-vertically-aligned-center is-layout-flow wp-block-column-is-layout-flow\" style=\"flex-basis:50%\"><\/div>\n<\/div>\n<\/div>\n\n\n\n<p><\/p>\n\n\t\t\t<\/form>\n\t\t\t\n\t\t\t<!-- ZOOM Forms End --><\/div>\n<\/div>\n\n\n\n<p><\/p>","protected":false},"excerpt":{"rendered":"<p>CONTACT US We only respond to serious enquiries. Every conversation is handled with complete discretion. GET IN TOUCH Let&#8217;s Start The Conversation Whether you&#8217;re considering relocation, property investment, or simply want to explore your options \u2014 we&#8217;re here to help. \ud83d\udccdLocation Valencia Spain \u2709 Email info@litora.es \ud83d\udcdePhone +34613755128 \ud83d\udd50Response Time We aim to respond within &hellip; <\/p>\n<p class=\"link-more\"><a href=\"https:\/\/litora.es\/pl\/contact-3\/\" class=\"more-link\">Read more<span class=\"screen-reader-text\"> &#8220;Contact&#8221;<\/span><\/a><\/p>","protected":false},"author":1,"featured_media":0,"parent":0,"menu_order":0,"comment_status":"closed","ping_status":"closed","template":"","meta":{"inspiro_hide_title":true,"footnotes":""},"class_list":["post-153","page","type-page","status-publish","hentry"],"yoast_head":"<!-- This site is optimized with the Yoast SEO plugin v27.5 - https:\/\/yoast.com\/product\/yoast-seo-wordpress\/ -->\n<title>Contact - Litora<\/title>\n<meta name=\"robots\" content=\"index, follow, max-snippet:-1, max-image-preview:large, max-video-preview:-1\" \/>\n<link rel=\"canonical\" href=\"https:\/\/litora.es\/pl\/contact-3\/\" \/>\n<meta property=\"og:locale\" content=\"pl_PL\" \/>\n<meta property=\"og:type\" content=\"article\" \/>\n<meta property=\"og:title\" content=\"Contact - Litora\" \/>\n<meta property=\"og:description\" content=\"CONTACT US We only respond to serious enquiries. Every conversation is handled with complete discretion. GET IN TOUCH Let&#8217;s Start The Conversation Whether you&#8217;re considering relocation, property investment, or simply want to explore your options \u2014 we&#8217;re here to help. \ud83d\udccdLocation Valencia Spain \u2709 Email info@litora.es \ud83d\udcdePhone +34613755128 \ud83d\udd50Response Time We aim to respond within &hellip; Read more &quot;Contact&quot;\" \/>\n<meta property=\"og:url\" content=\"https:\/\/litora.es\/pl\/contact-3\/\" \/>\n<meta property=\"og:site_name\" content=\"Litora\" \/>\n<meta property=\"article:modified_time\" content=\"2026-03-19T11:22:56+00:00\" \/>\n<meta name=\"twitter:card\" content=\"summary_large_image\" \/>\n<script type=\"application\/ld+json\" class=\"yoast-schema-graph\">{\"@context\":\"https:\\\/\\\/schema.org\",\"@graph\":[{\"@type\":\"WebPage\",\"@id\":\"https:\\\/\\\/litora.es\\\/contact-3\\\/\",\"url\":\"https:\\\/\\\/litora.es\\\/contact-3\\\/\",\"name\":\"Contact - Litora\",\"isPartOf\":{\"@id\":\"https:\\\/\\\/litora.es\\\/#website\"},\"datePublished\":\"2026-03-06T10:40:40+00:00\",\"dateModified\":\"2026-03-19T11:22:56+00:00\",\"breadcrumb\":{\"@id\":\"https:\\\/\\\/litora.es\\\/contact-3\\\/#breadcrumb\"},\"inLanguage\":\"pl-PL\",\"potentialAction\":[{\"@type\":\"ReadAction\",\"target\":[\"https:\\\/\\\/litora.es\\\/contact-3\\\/\"]}]},{\"@type\":\"BreadcrumbList\",\"@id\":\"https:\\\/\\\/litora.es\\\/contact-3\\\/#breadcrumb\",\"itemListElement\":[{\"@type\":\"ListItem\",\"position\":1,\"name\":\"Home\",\"item\":\"https:\\\/\\\/litora.es\\\/\"},{\"@type\":\"ListItem\",\"position\":2,\"name\":\"Contact\"}]},{\"@type\":\"WebSite\",\"@id\":\"https:\\\/\\\/litora.es\\\/#website\",\"url\":\"https:\\\/\\\/litora.es\\\/\",\"name\":\"Litora\",\"description\":\"\",\"potentialAction\":[{\"@type\":\"SearchAction\",\"target\":{\"@type\":\"EntryPoint\",\"urlTemplate\":\"https:\\\/\\\/litora.es\\\/?s={search_term_string}\"},\"query-input\":{\"@type\":\"PropertyValueSpecification\",\"valueRequired\":true,\"valueName\":\"search_term_string\"}}],\"inLanguage\":\"pl-PL\"}]}<\/script>\n<!-- \/ Yoast SEO plugin. -->","yoast_head_json":{"title":"Contact - Litora","robots":{"index":"index","follow":"follow","max-snippet":"max-snippet:-1","max-image-preview":"max-image-preview:large","max-video-preview":"max-video-preview:-1"},"canonical":"https:\/\/litora.es\/pl\/contact-3\/","og_locale":"pl_PL","og_type":"article","og_title":"Contact - Litora","og_description":"CONTACT US We only respond to serious enquiries. Every conversation is handled with complete discretion. GET IN TOUCH Let&#8217;s Start The Conversation Whether you&#8217;re considering relocation, property investment, or simply want to explore your options \u2014 we&#8217;re here to help. \ud83d\udccdLocation Valencia Spain \u2709 Email info@litora.es \ud83d\udcdePhone +34613755128 \ud83d\udd50Response Time We aim to respond within &hellip; Read more \"Contact\"","og_url":"https:\/\/litora.es\/pl\/contact-3\/","og_site_name":"Litora","article_modified_time":"2026-03-19T11:22:56+00:00","twitter_card":"summary_large_image","schema":{"@context":"https:\/\/schema.org","@graph":[{"@type":"WebPage","@id":"https:\/\/litora.es\/contact-3\/","url":"https:\/\/litora.es\/contact-3\/","name":"Contact - Litora","isPartOf":{"@id":"https:\/\/litora.es\/#website"},"datePublished":"2026-03-06T10:40:40+00:00","dateModified":"2026-03-19T11:22:56+00:00","breadcrumb":{"@id":"https:\/\/litora.es\/contact-3\/#breadcrumb"},"inLanguage":"pl-PL","potentialAction":[{"@type":"ReadAction","target":["https:\/\/litora.es\/contact-3\/"]}]},{"@type":"BreadcrumbList","@id":"https:\/\/litora.es\/contact-3\/#breadcrumb","itemListElement":[{"@type":"ListItem","position":1,"name":"Home","item":"https:\/\/litora.es\/"},{"@type":"ListItem","position":2,"name":"Contact"}]},{"@type":"WebSite","@id":"https:\/\/litora.es\/#website","url":"https:\/\/litora.es\/","name":"Litora","description":"","potentialAction":[{"@type":"SearchAction","target":{"@type":"EntryPoint","urlTemplate":"https:\/\/litora.es\/?s={search_term_string}"},"query-input":{"@type":"PropertyValueSpecification","valueRequired":true,"valueName":"search_term_string"}}],"inLanguage":"pl-PL"}]}},"_links":{"self":[{"href":"https:\/\/litora.es\/pl\/wp-json\/wp\/v2\/pages\/153","targetHints":{"allow":["GET"]}}],"collection":[{"href":"https:\/\/litora.es\/pl\/wp-json\/wp\/v2\/pages"}],"about":[{"href":"https:\/\/litora.es\/pl\/wp-json\/wp\/v2\/types\/page"}],"author":[{"embeddable":true,"href":"https:\/\/litora.es\/pl\/wp-json\/wp\/v2\/users\/1"}],"replies":[{"embeddable":true,"href":"https:\/\/litora.es\/pl\/wp-json\/wp\/v2\/comments?post=153"}],"version-history":[{"count":8,"href":"https:\/\/litora.es\/pl\/wp-json\/wp\/v2\/pages\/153\/revisions"}],"predecessor-version":[{"id":314,"href":"https:\/\/litora.es\/pl\/wp-json\/wp\/v2\/pages\/153\/revisions\/314"}],"wp:attachment":[{"href":"https:\/\/litora.es\/pl\/wp-json\/wp\/v2\/media?parent=153"}],"curies":[{"name":"wp","href":"https:\/\/api.w.org\/{rel}","templated":true}]}}