{"id":184,"date":"2026-03-06T15:01:47","date_gmt":"2026-03-06T15:01:47","guid":{"rendered":"https:\/\/litora.es\/?page_id=184"},"modified":"2026-03-19T11:25:37","modified_gmt":"2026-03-19T11:25:37","slug":"region","status":"publish","type":"page","link":"https:\/\/litora.es\/pl\/region\/","title":{"rendered":"Regiony"},"content":{"rendered":"<div class=\"wp-block-cover alignfull is-light\"><img loading=\"lazy\" decoding=\"async\" width=\"1024\" height=\"771\" class=\"wp-block-cover__image-background wp-image-303 size-large\" alt=\"\" src=\"https:\/\/litora.es\/wp-content\/uploads\/2026\/03\/IMG_20260214_1559161-1024x771.jpg\" style=\"object-position:48% 78%\" data-object-fit=\"cover\" data-object-position=\"48% 78%\" srcset=\"https:\/\/litora.es\/wp-content\/uploads\/2026\/03\/IMG_20260214_1559161-1024x771.jpg 1024w, https:\/\/litora.es\/wp-content\/uploads\/2026\/03\/IMG_20260214_1559161-300x226.jpg 300w, https:\/\/litora.es\/wp-content\/uploads\/2026\/03\/IMG_20260214_1559161-2000x1506.jpg 2000w, https:\/\/litora.es\/wp-content\/uploads\/2026\/03\/IMG_20260214_1559161-scaled-16x12.jpg 16w\" sizes=\"auto, (max-width: 1024px) 100vw, 1024px\" \/><span aria-hidden=\"true\" class=\"wp-block-cover__background has-background-dim-10 has-background-dim\" style=\"background-color:#6a9bc4\"><\/span><div class=\"wp-block-cover__inner-container has-global-padding is-layout-constrained wp-block-cover-is-layout-constrained\">\n<p class=\"has-text-align-center\">GDZIE DZIA\u0141AMY<\/p>\n\n\n\n<h2 class=\"wp-block-heading has-text-align-center has-white-color has-text-color has-link-color wp-elements-81f5d4111ebb4afcebe95f5c9f0d435c\"><strong>REGIONY<\/strong><\/h2>\n\n\n\n<p class=\"has-text-align-center has-white-color has-text-color has-link-color wp-elements-7092fbd40a514121458ddbdbef9b52e5\">Obs\u0142ugujemy obszar od Walencji po Alicante \u2014 jeden z najbardziej po\u017c\u0105danych region\u00f3w Hiszpanii pod k\u0105tem przeprowadzek i inwestycji.<\/p>\n<\/div><\/div>\n\n\n\n<div class=\"wp-block-group intro-section has-global-padding is-layout-constrained wp-block-group-is-layout-constrained\" style=\"padding-top:80px;padding-bottom:80px\">\n<p class=\"has-text-align-center has-secondary-color has-text-color has-link-color wp-elements-149d36184fbd1924527455a0703ff177\">Costa de Valencia <\/p>\n\n\n\n<h2 class=\"wp-block-heading has-text-align-center\"><strong>OD WALENCJI DO ALICANTE<\/strong><\/h2>\n\n\n\n<p class=\"has-text-align-center\">Rozci\u0105gaj\u0105cy si\u0119 na ponad 200 km wybrze\u017ca Morza \u015ar\u00f3dziemnego region pomi\u0119dzy Walencj\u0105 a Alicante oferuje wyj\u0105tkow\u0105 jako\u015b\u0107 \u017cycia, nowoczesn\u0105 infrastruktur\u0119 i pr\u0119\u017cnie dzia\u0142aj\u0105c\u0105 spo\u0142eczno\u015b\u0107 mi\u0119dzynarodow\u0105. <\/p>\n\n\n\n<p class=\"has-text-align-center\">Niezale\u017cnie od tego, czy poci\u0105ga Ci\u0119 t\u0119tni\u0105ce \u017cyciem miasto Walencja, spokojne nadmorskie miasteczka Costa Blanca czy ca\u0142oroczne s\u0142o\u0144ce Alicante, dysponujemy wiedz\u0105 lokaln\u0105, dzi\u0119ki kt\u00f3rej pomo\u017cemy Ci wybra\u0107 w\u0142a\u015bciw\u0105 lokalizacj\u0119<\/p>\n<\/div>\n\n\n\n<div class=\"wp-block-group regions-section has-global-padding is-layout-constrained wp-block-group-is-layout-constrained\" style=\"padding-top:80px;padding-bottom:80px\">\n<p class=\"has-text-align-center has-secondary-color has-text-color has-link-color wp-elements-05ae9b9148d33dcd892b032686f94118\">POZNAJ OKOLICE<\/p>\n\n\n\n<h2 class=\"wp-block-heading has-text-align-center\">NAJPOPULARNIEJSZE MIEJSCA<\/h2>\n\n\n\n<p class=\"has-text-align-center\">Ka\u017cdy obszar wzd\u0142u\u017c wybrze\u017ca ma co\u015b wyj\u0105tkowego \u2014 od kosmopolitycznego miasta po spokojne nadmorskie wioski.<\/p>\n\n\n\n<div class=\"wp-block-columns is-layout-flex wp-container-core-columns-is-layout-28f84493 wp-block-columns-is-layout-flex\">\n<div class=\"wp-block-column is-layout-flow wp-block-column-is-layout-flow\">\n<div class=\"wp-block-cover is-light\" style=\"min-height:200px;aspect-ratio:unset;\"><img loading=\"lazy\" decoding=\"async\" width=\"1024\" height=\"771\" class=\"wp-block-cover__image-background wp-image-295 size-large\" alt=\"\" src=\"https:\/\/litora.es\/wp-content\/uploads\/2026\/03\/IMG_20260213_122004-1024x771.jpg\" data-object-fit=\"cover\" srcset=\"https:\/\/litora.es\/wp-content\/uploads\/2026\/03\/IMG_20260213_122004-1024x771.jpg 1024w, https:\/\/litora.es\/wp-content\/uploads\/2026\/03\/IMG_20260213_122004-300x226.jpg 300w, https:\/\/litora.es\/wp-content\/uploads\/2026\/03\/IMG_20260213_122004-2000x1506.jpg 2000w, https:\/\/litora.es\/wp-content\/uploads\/2026\/03\/IMG_20260213_122004-scaled-16x12.jpg 16w\" sizes=\"auto, (max-width: 1024px) 100vw, 1024px\" \/><span aria-hidden=\"true\" class=\"wp-block-cover__background has-background-dim-30 has-background-dim\" style=\"background-color:#7e828b\"><\/span><div class=\"wp-block-cover__inner-container has-global-padding is-layout-constrained wp-block-cover-is-layout-constrained\">\n<p class=\"has-text-align-center has-large-font-size\"><\/p>\n<\/div><\/div>\n\n\n\n<h2 class=\"wp-block-heading\">WALENCJA<\/h2>\n\n\n\n<p>Trzecie co do wielko\u015bci miasto Hiszpanii mo\u017ce poszczyci\u0107 si\u0119 \u015bwiatowej klasy architektur\u0105, bogat\u0105 ofert\u0105 gastronomiczn\u0105 i doskona\u0142ymi po\u0142\u0105czeniami komunikacyjnymi \u2014 a wszystko to za u\u0142amek cen w Madrycie czy Barcelonie.<\/p>\n<\/div>\n\n\n\n<div class=\"wp-block-column is-layout-flow wp-block-column-is-layout-flow\">\n<div class=\"wp-block-cover is-light\" style=\"min-height:200px;aspect-ratio:unset;\"><img loading=\"lazy\" decoding=\"async\" width=\"1024\" height=\"771\" class=\"wp-block-cover__image-background wp-image-297 size-large\" alt=\"\" src=\"https:\/\/litora.es\/wp-content\/uploads\/2026\/03\/IMG_20260109_1109401-1024x771.jpg\" style=\"object-position:52% 67%\" data-object-fit=\"cover\" data-object-position=\"52% 67%\" srcset=\"https:\/\/litora.es\/wp-content\/uploads\/2026\/03\/IMG_20260109_1109401-1024x771.jpg 1024w, https:\/\/litora.es\/wp-content\/uploads\/2026\/03\/IMG_20260109_1109401-300x226.jpg 300w, https:\/\/litora.es\/wp-content\/uploads\/2026\/03\/IMG_20260109_1109401-2000x1506.jpg 2000w, https:\/\/litora.es\/wp-content\/uploads\/2026\/03\/IMG_20260109_1109401-scaled-16x12.jpg 16w\" sizes=\"auto, (max-width: 1024px) 100vw, 1024px\" \/><span aria-hidden=\"true\" class=\"wp-block-cover__background has-background-dim-30 has-background-dim\" style=\"background-color:#7b9bbf\"><\/span><div class=\"wp-block-cover__inner-container has-global-padding is-layout-constrained wp-block-cover-is-layout-constrained\">\n<p class=\"has-text-align-center has-large-font-size\"><\/p>\n<\/div><\/div>\n\n\n\n<h2 class=\"wp-block-heading\">DENIA<\/h2>\n\n\n\n<p>Urocze miasteczko portowe z relaksuj\u0105c\u0105 atmosfer\u0105, doskona\u0142ymi pla\u017cami i \u0142atwymi po\u0142\u0105czeniami promowymi z Ibiz\u0105 i Majork\u0105. Popularne zar\u00f3wno w\u015br\u00f3d rodzin, jak i emeryt\u00f3w.<\/p>\n<\/div>\n\n\n\n<div class=\"wp-block-column is-layout-flow wp-block-column-is-layout-flow\">\n<div class=\"wp-block-cover is-light\" style=\"min-height:200px;aspect-ratio:unset;\"><img loading=\"lazy\" decoding=\"async\" width=\"1024\" height=\"683\" class=\"wp-block-cover__image-background wp-image-298 size-large\" alt=\"\" src=\"https:\/\/litora.es\/wp-content\/uploads\/2026\/03\/maksim-shutov-A7hv_8A_gIY-unsplash-1024x683.jpg\" data-object-fit=\"cover\" srcset=\"https:\/\/litora.es\/wp-content\/uploads\/2026\/03\/maksim-shutov-A7hv_8A_gIY-unsplash-1024x683.jpg 1024w, https:\/\/litora.es\/wp-content\/uploads\/2026\/03\/maksim-shutov-A7hv_8A_gIY-unsplash-300x200.jpg 300w, https:\/\/litora.es\/wp-content\/uploads\/2026\/03\/maksim-shutov-A7hv_8A_gIY-unsplash-18x12.jpg 18w, https:\/\/litora.es\/wp-content\/uploads\/2026\/03\/maksim-shutov-A7hv_8A_gIY-unsplash.jpg 1920w\" sizes=\"auto, (max-width: 1024px) 100vw, 1024px\" \/><span aria-hidden=\"true\" class=\"wp-block-cover__background has-background-dim-30 has-background-dim\" style=\"background-color:#6c8794\"><\/span><div class=\"wp-block-cover__inner-container has-global-padding is-layout-constrained wp-block-cover-is-layout-constrained\">\n<p class=\"has-text-align-center has-large-font-size\"><\/p>\n<\/div><\/div>\n\n\n\n<h2 class=\"wp-block-heading\">BENIDORM<\/h2>\n\n\n\n<p>Pomimo reputacji kurortu, kryje si\u0119 tu pr\u0119\u017cnie rozwijaj\u0105cy si\u0119 rynek nieruchomo\u015bci z nowoczesn\u0105 infrastruktur\u0105, ca\u0142orocznym s\u0142o\u0144cem i wysokimi dochodami z wynajmu dla inwestor\u00f3w.<\/p>\n<\/div>\n<\/div>\n\n\n\n<div class=\"wp-block-columns is-layout-flex wp-container-core-columns-is-layout-28f84493 wp-block-columns-is-layout-flex\">\n<div class=\"wp-block-column is-layout-flow wp-block-column-is-layout-flow\">\n<div class=\"wp-block-cover\" style=\"min-height:200px;aspect-ratio:unset;\"><img loading=\"lazy\" decoding=\"async\" width=\"750\" height=\"1024\" class=\"wp-block-cover__image-background wp-image-299 size-large\" alt=\"\" src=\"https:\/\/litora.es\/wp-content\/uploads\/2026\/03\/alex-mercier-239dUuWEm9s-unsplash-750x1024.jpg\" data-object-fit=\"cover\" srcset=\"https:\/\/litora.es\/wp-content\/uploads\/2026\/03\/alex-mercier-239dUuWEm9s-unsplash-750x1024.jpg 750w, https:\/\/litora.es\/wp-content\/uploads\/2026\/03\/alex-mercier-239dUuWEm9s-unsplash-220x300.jpg 220w, https:\/\/litora.es\/wp-content\/uploads\/2026\/03\/alex-mercier-239dUuWEm9s-unsplash-scaled-9x12.jpg 9w, https:\/\/litora.es\/wp-content\/uploads\/2026\/03\/alex-mercier-239dUuWEm9s-unsplash-scaled.jpg 1875w\" sizes=\"auto, (max-width: 750px) 100vw, 750px\" \/><span aria-hidden=\"true\" class=\"wp-block-cover__background has-background-dim-30 has-background-dim\" style=\"background-color:#917967\"><\/span><div class=\"wp-block-cover__inner-container has-global-padding is-layout-constrained wp-block-cover-is-layout-constrained\">\n<p class=\"has-text-align-center has-large-font-size\"><\/p>\n<\/div><\/div>\n\n\n\n<h2 class=\"wp-block-heading\">CALPE<\/h2>\n\n\n\n<p>Calpe, nad kt\u00f3rym dominuje ska\u0142a Pe\u00f1\u00f3n de Ifach, oferuje zachwycaj\u0105ce naturalne krajobrazy, krystalicznie czyst\u0105 wod\u0119 i rosn\u0105c\u0105 spo\u0142eczno\u015b\u0107 mi\u0119dzynarodow\u0105.<\/p>\n<\/div>\n\n\n\n<div class=\"wp-block-column is-layout-flow wp-block-column-is-layout-flow\">\n<div class=\"wp-block-cover is-light\" style=\"min-height:200px;aspect-ratio:unset;\"><img loading=\"lazy\" decoding=\"async\" width=\"768\" height=\"1024\" class=\"wp-block-cover__image-background wp-image-300 size-large\" alt=\"\" src=\"https:\/\/litora.es\/wp-content\/uploads\/2026\/03\/sam-healey-ArW7GYGxXNA-unsplash-768x1024.jpg\" style=\"object-position:49% 50%\" data-object-fit=\"cover\" data-object-position=\"49% 50%\" srcset=\"https:\/\/litora.es\/wp-content\/uploads\/2026\/03\/sam-healey-ArW7GYGxXNA-unsplash-768x1024.jpg 768w, https:\/\/litora.es\/wp-content\/uploads\/2026\/03\/sam-healey-ArW7GYGxXNA-unsplash-225x300.jpg 225w, https:\/\/litora.es\/wp-content\/uploads\/2026\/03\/sam-healey-ArW7GYGxXNA-unsplash-9x12.jpg 9w, https:\/\/litora.es\/wp-content\/uploads\/2026\/03\/sam-healey-ArW7GYGxXNA-unsplash.jpg 1920w\" sizes=\"auto, (max-width: 768px) 100vw, 768px\" \/><span aria-hidden=\"true\" class=\"wp-block-cover__background has-background-dim-30 has-background-dim\" style=\"background-color:#948f81\"><\/span><div class=\"wp-block-cover__inner-container has-global-padding is-layout-constrained wp-block-cover-is-layout-constrained\">\n<p class=\"has-text-align-center has-large-font-size\"><\/p>\n<\/div><\/div>\n\n\n\n<h2 class=\"wp-block-heading\">JAVEA<\/h2>\n\n\n\n<p>J\u00e1vea, jeden z najbardziej presti\u017cowych adres\u00f3w na Costa Blanca, przyci\u0105ga wymagaj\u0105cych nabywc\u00f3w swoim parkiem przyrodniczym, ekskluzywnymi restauracjami i ekskluzywnymi willami.<\/p>\n<\/div>\n\n\n\n<div class=\"wp-block-column is-layout-flow wp-block-column-is-layout-flow\">\n<div class=\"wp-block-cover is-light\" style=\"min-height:200px;aspect-ratio:unset;\"><img loading=\"lazy\" decoding=\"async\" width=\"1024\" height=\"683\" class=\"wp-block-cover__image-background wp-image-301 size-large\" alt=\"\" src=\"https:\/\/litora.es\/wp-content\/uploads\/2026\/03\/dean-milenkovic-Ih5MQMqPjQ8-unsplash-1024x683.jpg\" style=\"object-position:50% 77%\" data-object-fit=\"cover\" data-object-position=\"50% 77%\" srcset=\"https:\/\/litora.es\/wp-content\/uploads\/2026\/03\/dean-milenkovic-Ih5MQMqPjQ8-unsplash-1024x683.jpg 1024w, https:\/\/litora.es\/wp-content\/uploads\/2026\/03\/dean-milenkovic-Ih5MQMqPjQ8-unsplash-300x200.jpg 300w, https:\/\/litora.es\/wp-content\/uploads\/2026\/03\/dean-milenkovic-Ih5MQMqPjQ8-unsplash-18x12.jpg 18w, https:\/\/litora.es\/wp-content\/uploads\/2026\/03\/dean-milenkovic-Ih5MQMqPjQ8-unsplash.jpg 1920w\" sizes=\"auto, (max-width: 1024px) 100vw, 1024px\" \/><span aria-hidden=\"true\" class=\"wp-block-cover__background has-background-dim-30 has-background-dim\" style=\"background-color:#a3a78c\"><\/span><div class=\"wp-block-cover__inner-container has-global-padding is-layout-constrained wp-block-cover-is-layout-constrained\">\n<p class=\"has-text-align-center has-large-font-size\"><\/p>\n<\/div><\/div>\n\n\n\n<h2 class=\"wp-block-heading\">ALICANTE<\/h2>\n\n\n\n<p>T\u0119tni\u0105ce \u017cyciem miasto z mi\u0119dzynarodowym lotniskiem, pi\u0119kn\u0105 star\u00f3wk\u0105 i aktywn\u0105 spo\u0142eczno\u015bci\u0105 emigrant\u00f3w. Doskona\u0142a baza wypadowa do zwiedzania ca\u0142ego regionu Costa Blanca.<\/p>\n<\/div>\n<\/div>\n<\/div>\n\n\n\n<div class=\"wp-block-group has-global-padding is-layout-constrained wp-block-group-is-layout-constrained\">\n<p class=\"has-text-align-center has-secondary-color has-text-color has-link-color wp-elements-7a805dc600fb6cbab6ed44d001e92c79\">ZNAJD\u017b SWOJ\u0104 IDEALN\u0104 LOKALIZACJ\u0118<\/p>\n\n\n\n<h2 class=\"wp-block-heading has-text-align-center\">NIE JESTE\u015a PEWIEN KT\u00d3RY REGION JEST NAJLEPSZY DLA CIEBIE?<\/h2>\n\n\n\n<p class=\"has-text-align-center\">Pomo\u017cemy Ci znale\u017a\u0107 idealn\u0105 lokalizacj\u0119 dostosowan\u0105 do Twojego stylu \u017cycia, bud\u017cetu i cel\u00f3w inwestycyjnych.<\/p>\n\n\n\n<div class=\"wp-block-columns is-layout-flex wp-container-core-columns-is-layout-28f84493 wp-block-columns-is-layout-flex\">\n<div class=\"wp-block-column is-layout-flow wp-block-column-is-layout-flow\">\n<div class=\"wp-block-buttons is-vertical is-content-justification-center is-layout-flex wp-container-core-buttons-is-layout-734eb2c2 wp-block-buttons-is-layout-flex\">\n<div class=\"wp-block-button is-style-fill\"><a class=\"wp-block-button__link has-secondary-background-color has-background wp-element-button\" href=\"https:\/\/calendar.app.google\/s3H7qV92SJEjcsrd6\" target=\"_blank\" rel=\"noreferrer noopener\">UM\u00d3W SI\u0118 NA ROZMOW\u0118<\/a><\/div>\n<\/div>\n<\/div>\n\n\n\n<div class=\"wp-block-column is-layout-flow wp-block-column-is-layout-flow\">\n<div class=\"wp-block-buttons is-vertical is-content-justification-center is-layout-flex wp-container-core-buttons-is-layout-734eb2c2 wp-block-buttons-is-layout-flex\">\n<div class=\"wp-block-button is-style-outline is-style-outline--1\"><a class=\"wp-block-button__link wp-element-button\" href=\"https:\/\/litora.es\/pl\/services\/\">PRZEJRZYJ NASZE US\u0141UGI<\/a><\/div>\n<\/div>\n<\/div>\n<\/div>\n<\/div>\n\n\n\n<p><\/p>","protected":false},"excerpt":{"rendered":"<p>Costa de Valencia FROM VALENCIA TO ALICANTE Stretching over 200km of Mediterranean coastline, the region between Valencia and Alicante offers an exceptional quality of life, modern infrastructure, and a thriving international community. Whether you&#8217;re drawn to the vibrant city life of Valencia, the relaxed coastal towns of the Costa Blanca, or the year-round sunshine of &hellip; <\/p>\n<p class=\"link-more\"><a href=\"https:\/\/litora.es\/pl\/region\/\" class=\"more-link\">Read more<span class=\"screen-reader-text\"> &#8220;Region&#8221;<\/span><\/a><\/p>","protected":false},"author":1,"featured_media":0,"parent":0,"menu_order":0,"comment_status":"closed","ping_status":"closed","template":"","meta":{"inspiro_hide_title":true,"footnotes":""},"class_list":["post-184","page","type-page","status-publish","hentry"],"yoast_head":"<!-- This site is optimized with the Yoast SEO plugin v27.5 - https:\/\/yoast.com\/product\/yoast-seo-wordpress\/ -->\n<title>Region - Litora<\/title>\n<meta name=\"robots\" content=\"index, follow, max-snippet:-1, max-image-preview:large, max-video-preview:-1\" \/>\n<link rel=\"canonical\" href=\"https:\/\/litora.es\/pl\/region\/\" \/>\n<meta property=\"og:locale\" content=\"pl_PL\" \/>\n<meta property=\"og:type\" content=\"article\" \/>\n<meta property=\"og:title\" content=\"Region - Litora\" \/>\n<meta property=\"og:description\" content=\"Costa de Valencia FROM VALENCIA TO ALICANTE Stretching over 200km of Mediterranean coastline, the region between Valencia and Alicante offers an exceptional quality of life, modern infrastructure, and a thriving international community. Whether you&#8217;re drawn to the vibrant city life of Valencia, the relaxed coastal towns of the Costa Blanca, or the year-round sunshine of &hellip; Read more &quot;Region&quot;\" \/>\n<meta property=\"og:url\" content=\"https:\/\/litora.es\/pl\/region\/\" \/>\n<meta property=\"og:site_name\" content=\"Litora\" \/>\n<meta property=\"article:modified_time\" content=\"2026-03-19T11:25:37+00:00\" \/>\n<meta property=\"og:image\" content=\"https:\/\/litora.es\/wp-content\/uploads\/2026\/03\/IMG_20260214_1559161-scaled.jpg\" \/>\n\t<meta property=\"og:image:width\" content=\"2560\" \/>\n\t<meta property=\"og:image:height\" content=\"1928\" \/>\n\t<meta property=\"og:image:type\" content=\"image\/jpeg\" \/>\n<meta name=\"twitter:card\" content=\"summary_large_image\" \/>\n<meta name=\"twitter:label1\" content=\"Szacowany czas czytania\" \/>\n\t<meta name=\"twitter:data1\" content=\"1 minuta\" \/>\n<script type=\"application\/ld+json\" class=\"yoast-schema-graph\">{\"@context\":\"https:\\\/\\\/schema.org\",\"@graph\":[{\"@type\":\"WebPage\",\"@id\":\"https:\\\/\\\/litora.es\\\/region\\\/\",\"url\":\"https:\\\/\\\/litora.es\\\/region\\\/\",\"name\":\"Region - Litora\",\"isPartOf\":{\"@id\":\"https:\\\/\\\/litora.es\\\/#website\"},\"primaryImageOfPage\":{\"@id\":\"https:\\\/\\\/litora.es\\\/region\\\/#primaryimage\"},\"image\":{\"@id\":\"https:\\\/\\\/litora.es\\\/region\\\/#primaryimage\"},\"thumbnailUrl\":\"https:\\\/\\\/litora.es\\\/wp-content\\\/uploads\\\/2026\\\/03\\\/IMG_20260214_1559161-1024x771.jpg\",\"datePublished\":\"2026-03-06T15:01:47+00:00\",\"dateModified\":\"2026-03-19T11:25:37+00:00\",\"breadcrumb\":{\"@id\":\"https:\\\/\\\/litora.es\\\/region\\\/#breadcrumb\"},\"inLanguage\":\"pl-PL\",\"potentialAction\":[{\"@type\":\"ReadAction\",\"target\":[\"https:\\\/\\\/litora.es\\\/region\\\/\"]}]},{\"@type\":\"ImageObject\",\"inLanguage\":\"pl-PL\",\"@id\":\"https:\\\/\\\/litora.es\\\/region\\\/#primaryimage\",\"url\":\"https:\\\/\\\/litora.es\\\/wp-content\\\/uploads\\\/2026\\\/03\\\/IMG_20260214_1559161-1024x771.jpg\",\"contentUrl\":\"https:\\\/\\\/litora.es\\\/wp-content\\\/uploads\\\/2026\\\/03\\\/IMG_20260214_1559161-1024x771.jpg\"},{\"@type\":\"BreadcrumbList\",\"@id\":\"https:\\\/\\\/litora.es\\\/region\\\/#breadcrumb\",\"itemListElement\":[{\"@type\":\"ListItem\",\"position\":1,\"name\":\"Home\",\"item\":\"https:\\\/\\\/litora.es\\\/\"},{\"@type\":\"ListItem\",\"position\":2,\"name\":\"Region\"}]},{\"@type\":\"WebSite\",\"@id\":\"https:\\\/\\\/litora.es\\\/#website\",\"url\":\"https:\\\/\\\/litora.es\\\/\",\"name\":\"Litora\",\"description\":\"\",\"potentialAction\":[{\"@type\":\"SearchAction\",\"target\":{\"@type\":\"EntryPoint\",\"urlTemplate\":\"https:\\\/\\\/litora.es\\\/?s={search_term_string}\"},\"query-input\":{\"@type\":\"PropertyValueSpecification\",\"valueRequired\":true,\"valueName\":\"search_term_string\"}}],\"inLanguage\":\"pl-PL\"}]}<\/script>\n<!-- \/ Yoast SEO plugin. -->","yoast_head_json":{"title":"Region - Litora","robots":{"index":"index","follow":"follow","max-snippet":"max-snippet:-1","max-image-preview":"max-image-preview:large","max-video-preview":"max-video-preview:-1"},"canonical":"https:\/\/litora.es\/pl\/region\/","og_locale":"pl_PL","og_type":"article","og_title":"Region - Litora","og_description":"Costa de Valencia FROM VALENCIA TO ALICANTE Stretching over 200km of Mediterranean coastline, the region between Valencia and Alicante offers an exceptional quality of life, modern infrastructure, and a thriving international community. Whether you&#8217;re drawn to the vibrant city life of Valencia, the relaxed coastal towns of the Costa Blanca, or the year-round sunshine of &hellip; Read more \"Region\"","og_url":"https:\/\/litora.es\/pl\/region\/","og_site_name":"Litora","article_modified_time":"2026-03-19T11:25:37+00:00","og_image":[{"width":2560,"height":1928,"url":"https:\/\/litora.es\/wp-content\/uploads\/2026\/03\/IMG_20260214_1559161-scaled.jpg","type":"image\/jpeg"}],"twitter_card":"summary_large_image","twitter_misc":{"Szacowany czas czytania":"1 minuta"},"schema":{"@context":"https:\/\/schema.org","@graph":[{"@type":"WebPage","@id":"https:\/\/litora.es\/region\/","url":"https:\/\/litora.es\/region\/","name":"Region - Litora","isPartOf":{"@id":"https:\/\/litora.es\/#website"},"primaryImageOfPage":{"@id":"https:\/\/litora.es\/region\/#primaryimage"},"image":{"@id":"https:\/\/litora.es\/region\/#primaryimage"},"thumbnailUrl":"https:\/\/litora.es\/wp-content\/uploads\/2026\/03\/IMG_20260214_1559161-1024x771.jpg","datePublished":"2026-03-06T15:01:47+00:00","dateModified":"2026-03-19T11:25:37+00:00","breadcrumb":{"@id":"https:\/\/litora.es\/region\/#breadcrumb"},"inLanguage":"pl-PL","potentialAction":[{"@type":"ReadAction","target":["https:\/\/litora.es\/region\/"]}]},{"@type":"ImageObject","inLanguage":"pl-PL","@id":"https:\/\/litora.es\/region\/#primaryimage","url":"https:\/\/litora.es\/wp-content\/uploads\/2026\/03\/IMG_20260214_1559161-1024x771.jpg","contentUrl":"https:\/\/litora.es\/wp-content\/uploads\/2026\/03\/IMG_20260214_1559161-1024x771.jpg"},{"@type":"BreadcrumbList","@id":"https:\/\/litora.es\/region\/#breadcrumb","itemListElement":[{"@type":"ListItem","position":1,"name":"Home","item":"https:\/\/litora.es\/"},{"@type":"ListItem","position":2,"name":"Region"}]},{"@type":"WebSite","@id":"https:\/\/litora.es\/#website","url":"https:\/\/litora.es\/","name":"Litora","description":"","potentialAction":[{"@type":"SearchAction","target":{"@type":"EntryPoint","urlTemplate":"https:\/\/litora.es\/?s={search_term_string}"},"query-input":{"@type":"PropertyValueSpecification","valueRequired":true,"valueName":"search_term_string"}}],"inLanguage":"pl-PL"}]}},"_links":{"self":[{"href":"https:\/\/litora.es\/pl\/wp-json\/wp\/v2\/pages\/184","targetHints":{"allow":["GET"]}}],"collection":[{"href":"https:\/\/litora.es\/pl\/wp-json\/wp\/v2\/pages"}],"about":[{"href":"https:\/\/litora.es\/pl\/wp-json\/wp\/v2\/types\/page"}],"author":[{"embeddable":true,"href":"https:\/\/litora.es\/pl\/wp-json\/wp\/v2\/users\/1"}],"replies":[{"embeddable":true,"href":"https:\/\/litora.es\/pl\/wp-json\/wp\/v2\/comments?post=184"}],"version-history":[{"count":13,"href":"https:\/\/litora.es\/pl\/wp-json\/wp\/v2\/pages\/184\/revisions"}],"predecessor-version":[{"id":318,"href":"https:\/\/litora.es\/pl\/wp-json\/wp\/v2\/pages\/184\/revisions\/318"}],"wp:attachment":[{"href":"https:\/\/litora.es\/pl\/wp-json\/wp\/v2\/media?parent=184"}],"curies":[{"name":"wp","href":"https:\/\/api.w.org\/{rel}","templated":true}]}}