{"id":203,"date":"2026-03-09T14:45:59","date_gmt":"2026-03-09T14:45:59","guid":{"rendered":"https:\/\/litora.es\/?page_id=203"},"modified":"2026-03-19T11:25:09","modified_gmt":"2026-03-19T11:25:09","slug":"services","status":"publish","type":"page","link":"https:\/\/litora.es\/pl\/services\/","title":{"rendered":"Nasze us\u0142ugi"},"content":{"rendered":"<div class=\"wp-block-cover alignfull is-light\"><img loading=\"lazy\" decoding=\"async\" width=\"1024\" height=\"683\" class=\"wp-block-cover__image-background wp-image-212 size-large\" alt=\"\" src=\"https:\/\/litora.es\/wp-content\/uploads\/2026\/03\/pexels-freestockpro-12955837-1024x683.jpg\" style=\"object-position:51% 52%\" data-object-fit=\"cover\" data-object-position=\"51% 52%\" srcset=\"https:\/\/litora.es\/wp-content\/uploads\/2026\/03\/pexels-freestockpro-12955837-1024x683.jpg 1024w, https:\/\/litora.es\/wp-content\/uploads\/2026\/03\/pexels-freestockpro-12955837-300x200.jpg 300w, https:\/\/litora.es\/wp-content\/uploads\/2026\/03\/pexels-freestockpro-12955837-18x12.jpg 18w, https:\/\/litora.es\/wp-content\/uploads\/2026\/03\/pexels-freestockpro-12955837.jpg 1920w\" sizes=\"auto, (max-width: 1024px) 100vw, 1024px\" \/><span aria-hidden=\"true\" class=\"wp-block-cover__background has-background-dim\" style=\"background-color:#98acb1\"><\/span><div class=\"wp-block-cover__inner-container has-global-padding is-layout-constrained wp-block-cover-is-layout-constrained\">\n<p class=\"has-text-align-center has-white-color has-text-color has-link-color has-large-font-size wp-elements-cdbea08ff484c3cf4108703086f1929d\">NASZA OFERTA<\/p>\n\n\n\n<h2 class=\"wp-block-heading has-text-align-center has-white-color has-text-color has-link-color wp-elements-8ca9defa083a7a98e7970a2dcd9565ac\">NASZE US\u0141UGI<\/h2>\n\n\n\n<p class=\"has-text-align-center has-white-color has-text-color has-link-color has-small-font-size wp-elements-327e40b43c3c76d4b397fd090299a517\">Spersonalizowane pakiety doradcze dotycz\u0105ce relokacji i inwestycji w nieruchomo\u015bci w Hiszpanii. Wybierz poziom wsparcia odpowiadaj\u0105cy Twoim potrzebom.<\/p>\n<\/div><\/div>\n\n\n\n<div id=\"real-estate\" class=\"wp-block-group services-section has-global-padding is-layout-constrained wp-block-group-is-layout-constrained\" style=\"padding-top:80px;padding-bottom:80px\">\n<p class=\"has-text-align-center has-secondary-color has-text-color has-link-color wp-elements-adce425bf8872c43cabb889f8cb0872a\">INWESTOWANIE W NIERUCHOMO\u015aCI<\/p>\n\n\n\n<h2 class=\"wp-block-heading has-text-align-center\">KUPNO NIERUCHOMO\u015aCI<\/h2>\n\n\n\n<p class=\"has-text-align-center\">Je\u015bli szukasz domu wakacyjnego w kraju pe\u0142nym s\u0142o\u0144ca lub chcesz zainwestowa\u0107 w nieruchomo\u015b\u0107 w Hiszpanii, jeste\u015bmy do Twojej dyspozycji. Hiszpania przyci\u0105ga zagranicznych nabywc\u00f3w nieruchomo\u015bci s\u0142oneczn\u0105 pogod\u0105, lekk\u0105 i zdrow\u0105 kuchni\u0105 \u015br\u00f3dziemnomorsk\u0105 oraz swobodnym stylem \u017cycia. Jednak proces zakupu nieruchomo\u015bci mo\u017ce szybko zamieni\u0107 marzenia w koszmar. W\u0142a\u015bnie tutaj wkraczamy my. Poprowadzimy Ci\u0119 przez ca\u0142y proces, wyja\u015bniaj\u0105c poszczeg\u00f3lne kroki, analizuj\u0105c rynek, umawiaj\u0105c wizyty i pomagaj\u0105c w kwestiach prawnych i podatkowych. S\u0142uchamy i dostosowujemy us\u0142ugi do Twoich indywidualnych potrzeb. Zapraszamy do zapoznania si\u0119 z naszymi pakietami poni\u017cej.<\/p>\n\n\n\n<div class=\"wp-block-columns is-layout-flex wp-container-core-columns-is-layout-28f84493 wp-block-columns-is-layout-flex\">\n<div class=\"wp-block-column is-layout-flow wp-block-column-is-layout-flow\">\n<div style=\"height:66px\" aria-hidden=\"true\" class=\"wp-block-spacer\"><\/div>\n\n\n\n<p class=\"has-text-align-center has-secondary-color has-text-color has-link-color wp-elements-6ed7ad2ebf629a664f38ac454aab8765\">START<\/p>\n\n\n\n<h2 class=\"wp-block-heading has-text-align-center\">PODSTAWOWY<\/h2>\n\n\n\n<ul class=\"wp-block-list\">\n<li>Analiza potrzeb klienta<\/li>\n\n\n\n<li>Selekcja nieruchomo\u015bci (3 - 5 dopasowanych ofert)<\/li>\n\n\n\n<li>Konsultacja online (60 min)<\/li>\n\n\n\n<li>Wst\u0119pna analiza koszt\u00f3w zakupu<\/li>\n\n\n\n<li>Step-by-step process overview<\/li>\n\n\n\n<li>Organizacja przyjazdu do Hiszpanii<\/li>\n<\/ul>\n\n\n\n<ul style=\"padding-top:0px;padding-bottom:0px\" class=\"wp-block-list excluded-list\">\n<li class=\"has-lightgrey-color has-text-color has-link-color wp-elements-455457d60d44d6ddaad2424db239342d\">Harmonogram ogl\u0105dania nieruchomo\u015bci<\/li>\n\n\n\n<li class=\"has-lightgrey-color has-text-color has-link-color wp-elements-b1821c61263165021df8727542c6aa8e\">Zwiedzanie okolicy i negocjacje ceny<\/li>\n\n\n\n<li class=\"has-lightgrey-color has-text-color has-link-color wp-elements-145c4e3c4085af658011bfa8d0088496\">Pomoc przy zak\u0142adaniu numeru NIE i konta w banku<\/li>\n\n\n\n<li class=\"has-lightgrey-color has-text-color has-link-color wp-elements-d83a9d5abfd6016276b0b31b22db7905\">Kontakt z notariuszem<\/li>\n\n\n\n<li class=\"has-lightgrey-color has-text-color has-link-color wp-elements-98992c44422b26e72d191e7d9890646e\">T\u0142umaczenie dokument\u00f3w<\/li>\n\n\n\n<li class=\"has-lightgrey-color has-text-color has-link-color wp-elements-72fd163300e322fae95d43eedad19d3d\">Reprezentowanie klienta na miejscu<\/li>\n\n\n\n<li class=\"has-lightgrey-color has-text-color has-link-color wp-elements-867aed51955c39e1fc8436725bd69641\">Sprawdzenie stanu prawnego nieruchomo\u015bci<\/li>\n\n\n\n<li class=\"has-lightgrey-color has-text-color has-link-color wp-elements-d2302dfe03158175789d25736979b6d3\">Obecno\u015b\u0107 notariusza przy podpisywaniu dokument\u00f3w<\/li>\n\n\n\n<li class=\"has-lightgrey-color has-text-color has-link-color wp-elements-f1da44a3d5729215d6dd37b9a9199991\">Pomoc w za\u0142atwieniu ubezpieczenia<\/li>\n\n\n\n<li class=\"has-lightgrey-color has-text-color has-link-color wp-elements-fa547a5879ee04d519efbe4b4f9f81d9\">Wsparcie posprzeda\u017cowe (media, spo\u0142eczno\u015b\u0107, wynajem)<\/li>\n<\/ul>\n\n\n\n<div class=\"wp-block-buttons is-content-justification-center is-layout-flex wp-container-core-buttons-is-layout-a89b3969 wp-block-buttons-is-layout-flex\">\n<div class=\"wp-block-button is-style-outline is-style-outline--1\"><a class=\"wp-block-button__link wp-element-button\" href=\"https:\/\/litora.es\/pl\/contact-3\/\">ZAPYTAJ TERAZ<\/a><\/div>\n<\/div>\n<\/div>\n\n\n\n<div class=\"wp-block-column is-layout-flow wp-block-column-is-layout-flow\">\n<p class=\"has-text-align-center has-white-color has-secondary-background-color has-text-color has-background has-link-color wp-elements-c05af4457fad4aeec22a99c04c839396\" style=\"letter-spacing:2px\">Najbardziej popularny<\/p>\n\n\n\n<p class=\"has-text-align-center has-secondary-color has-text-color has-link-color wp-elements-6e0f65fe07efeb81ee052f89a0b0adff\" style=\"letter-spacing:2px\">COMFORT<\/p>\n\n\n\n<h2 class=\"wp-block-heading has-text-align-center\">PE\u0141NE WSPARCIE<\/h2>\n\n\n\n<ul class=\"wp-block-list\">\n<li>Analiza potrzeb klienta<\/li>\n\n\n\n<li>Selekcja nieruchomo\u015bci (3 - 5 dopasowanych ofert)<\/li>\n\n\n\n<li>Konsultacja online (60 min)<\/li>\n\n\n\n<li>Wst\u0119pna analiza koszt\u00f3w zakupu<\/li>\n\n\n\n<li>Step-by-step process overview<\/li>\n\n\n\n<li>Organizacja przyjazdu do Hiszpanii<\/li>\n\n\n\n<li>Harmonogram ogl\u0105dania nieruchomo\u015bci<\/li>\n\n\n\n<li>Zwiedzanie okolicy i negocjacje ceny<\/li>\n\n\n\n<li>Pomoc przy zak\u0142adaniu numeru NIE i konta w banku<\/li>\n\n\n\n<li>Kontakt z notariuszem<\/li>\n\n\n\n<li>T\u0142umaczenie dokument\u00f3w<\/li>\n\n\n\n<li>Reprezentowanie klienta na miejscu<\/li>\n<\/ul>\n\n\n\n<ul class=\"wp-block-list excluded-list\">\n<li class=\"has-lightgrey-color has-text-color has-link-color wp-elements-867aed51955c39e1fc8436725bd69641\">Sprawdzenie stanu prawnego nieruchomo\u015bci<\/li>\n\n\n\n<li class=\"has-lightgrey-color has-text-color has-link-color wp-elements-d2302dfe03158175789d25736979b6d3\">Obecno\u015b\u0107 notariusza przy podpisywaniu dokument\u00f3w<\/li>\n\n\n\n<li class=\"has-lightgrey-color has-text-color has-link-color wp-elements-f1da44a3d5729215d6dd37b9a9199991\">Pomoc w za\u0142atwieniu ubezpieczenia<\/li>\n\n\n\n<li class=\"has-lightgrey-color has-text-color has-link-color wp-elements-fa547a5879ee04d519efbe4b4f9f81d9\">Wsparcie posprzeda\u017cowe (media, spo\u0142eczno\u015b\u0107, wynajem)<\/li>\n<\/ul>\n\n\n\n<div style=\"height:43px\" aria-hidden=\"true\" class=\"wp-block-spacer\"><\/div>\n\n\n\n<div class=\"wp-block-buttons is-content-justification-center is-layout-flex wp-container-core-buttons-is-layout-a89b3969 wp-block-buttons-is-layout-flex\">\n<div class=\"wp-block-button is-style-outline is-style-outline--2\"><a class=\"wp-block-button__link wp-element-button\" href=\"https:\/\/litora.es\/pl\/contact-3\/\">ZAPYTAJ TERAZ<\/a><\/div>\n<\/div>\n<\/div>\n\n\n\n<div class=\"wp-block-column is-layout-flow wp-block-column-is-layout-flow\">\n<div style=\"height:65px\" aria-hidden=\"true\" class=\"wp-block-spacer\"><\/div>\n\n\n\n<p class=\"has-text-align-center has-secondary-color has-text-color has-link-color wp-elements-da0aea748b537906e2c9110dd7e2a808\">VIP<\/p>\n\n\n\n<h2 class=\"wp-block-heading has-text-align-center\">KOMPLEKSOWA OBS\u0141UGA<\/h2>\n\n\n\n<ul class=\"wp-block-list\">\n<li>Analiza potrzeb klienta<\/li>\n\n\n\n<li>Selekcja nieruchomo\u015bci (3 - 5 dopasowanych ofert)<\/li>\n\n\n\n<li>Konsultacja online (60 min)<\/li>\n\n\n\n<li>Wst\u0119pna analiza koszt\u00f3w zakupu<\/li>\n\n\n\n<li>Step-by-step process overview<\/li>\n\n\n\n<li>Organizacja przyjazdu do Hiszpanii<\/li>\n\n\n\n<li>Harmonogram ogl\u0105dania nieruchomo\u015bci<\/li>\n\n\n\n<li>Zwiedzanie okolicy i negocjacje ceny<\/li>\n\n\n\n<li>Pomoc przy zak\u0142adaniu numeru NIE i konta w banku<\/li>\n\n\n\n<li>Kontakt z notariuszem<\/li>\n\n\n\n<li>T\u0142umaczenie dokument\u00f3w<\/li>\n\n\n\n<li>Reprezentowanie klienta na miejscu<\/li>\n\n\n\n<li>Sprawdzenie stanu prawnego nieruchomo\u015bci<\/li>\n\n\n\n<li>Obecno\u015b\u0107 notariusza przy podpisywaniu dokument\u00f3w<\/li>\n\n\n\n<li>Pomoc w za\u0142atwieniu ubezpieczenia<\/li>\n\n\n\n<li>Wsparcie posprzeda\u017cowe (media, spo\u0142eczno\u015b\u0107, wynajem)<\/li>\n<\/ul>\n\n\n\n<div style=\"height:42px\" aria-hidden=\"true\" class=\"wp-block-spacer\"><\/div>\n\n\n\n<div class=\"wp-block-buttons is-content-justification-center is-layout-flex wp-container-core-buttons-is-layout-a89b3969 wp-block-buttons-is-layout-flex\">\n<div class=\"wp-block-button is-style-outline is-style-outline--3\"><a class=\"wp-block-button__link wp-element-button\" href=\"https:\/\/litora.es\/pl\/contact-3\/\">ZAPYTAJ TERAZ<\/a><\/div>\n<\/div>\n<\/div>\n<\/div>\n<\/div>\n\n\n\n<div id=\"relocation\" class=\"wp-block-group services-section has-background has-global-padding is-layout-constrained wp-block-group-is-layout-constrained\" style=\"background-color:#f7f7f7;padding-top:80px;padding-bottom:80px\">\n<p class=\"has-text-align-center has-secondary-color has-text-color has-link-color wp-elements-a171475d98500e8c8d5cdf3b65d101de\">Przeprowadzka do Hiszpanii<\/p>\n\n\n\n<h2 class=\"wp-block-heading has-text-align-center\"><strong>Przeprowadzka &amp; Rezydentura<\/strong><\/h2>\n\n\n\n<p class=\"has-text-align-center\">Je\u015bli rozwa\u017casz przeprowadzk\u0119 do Hiszpanii na sta\u0142e, z przyjemno\u015bci\u0105 sprawimy, \u017ce ten proces przebiegnie jak najsprawniej i bezproblemowo. Poniewa\u017c sami si\u0119 przeprowadzali\u015bmy, mamy do\u015bwiadczenie z pierwszej r\u0119ki i zdajemy sobie spraw\u0119, \u017ce sytuacja mo\u017ce by\u0107 stresuj\u0105ca, zw\u0142aszcza je\u015bli nie znasz j\u0119zyka ani lokalnych zwyczaj\u00f3w. Pomo\u017cemy Ci w wyborze odpowiedniej okolicy, znalezieniu mieszkania do wynaj\u0119cia lub kupna, wyborze szko\u0142y, z\u0142o\u017ceniu wniosku o miejsce oraz za\u0142atwieniu wszystkich niezb\u0119dnych dokument\u00f3w.<\/p>\n\n\n\n<div class=\"wp-block-columns relocation-card is-layout-flex wp-container-core-columns-is-layout-28f84493 wp-block-columns-is-layout-flex\">\n<div class=\"wp-block-column is-layout-flow wp-block-column-is-layout-flow\" style=\"flex-basis:60%\">\n<p class=\"has-secondary-color has-text-color has-link-color wp-elements-690a3ae3937e681399053abf489d680c\">KOMPLEKSOWA OBS\u0141UGA<\/p>\n\n\n\n<h2 class=\"wp-block-heading\">CA\u0141O\u015aCIOWY PAKIET RELOKACYJNY<\/h2>\n\n\n\n<ul class=\"wp-block-list\">\n<li>Analiza potrzeb klienta<\/li>\n\n\n\n<li>Rental property selection (3\u20135 matching offers)<\/li>\n\n\n\n<li>Konsultacja online (60 min)<\/li>\n\n\n\n<li>Step-by-step process overview<\/li>\n\n\n\n<li>Organizacja przyjazdu do Hiszpanii<\/li>\n\n\n\n<li>Harmonogram ogl\u0105dania nieruchomo\u015bci<\/li>\n\n\n\n<li>Zwiedzanie okolicy i negocjacje ceny<\/li>\n\n\n\n<li>Pomoc przy zak\u0142adaniu numeru NIE i konta w banku<\/li>\n\n\n\n<li>Kontakt z notariuszem<\/li>\n\n\n\n<li>T\u0142umaczenie dokument\u00f3w<\/li>\n\n\n\n<li>Reprezentowanie klienta na miejscu<\/li>\n\n\n\n<li>Sprawdzenie stanu prawnego nieruchomo\u015bci<\/li>\n\n\n\n<li>Pomoc w za\u0142atwieniu ubezpieczenia<\/li>\n<\/ul>\n\n\n\n<div class=\"wp-block-buttons is-content-justification-center is-layout-flex wp-container-core-buttons-is-layout-a89b3969 wp-block-buttons-is-layout-flex\">\n<div class=\"wp-block-button is-style-outline is-style-outline--4\"><a class=\"wp-block-button__link wp-element-button\" href=\"https:\/\/litora.es\/pl\/contact-3\/\">ZAPYTAJ TERAZ<\/a><\/div>\n<\/div>\n<\/div>\n<\/div>\n<\/div>\n\n\n\n<div id=\"property-management\" class=\"wp-block-group intro-section has-white-background-color has-background has-global-padding is-layout-constrained wp-block-group-is-layout-constrained\" style=\"padding-top:80px;padding-bottom:80px\">\n<p class=\"has-text-align-center has-secondary-color has-text-color has-link-color wp-elements-b486efc37fc1c397a296f20e1a2f0523\">DODATKOWE US\u0141UGI<\/p>\n\n\n\n<h2 class=\"wp-block-heading has-text-align-center\"><strong>ZARZ\u0104DZANIE NIERUCHOMO\u015aCIAMI<\/strong><\/h2>\n\n\n\n<p class=\"has-text-align-center\">Je\u015bli chcesz kupi\u0107 nieruchomo\u015b\u0107 inwestycyjn\u0105, ale nie wiesz, jak najlepiej j\u0105 wykorzysta\u0107, pomo\u017cemy Ci ni\u0105 zarz\u0105dza\u0107. Mo\u017cemy zorganizowa\u0107 wynajem w Twoim imieniu, pobiera\u0107 czynsz, sprz\u0105ta\u0107 i zajmowa\u0107 si\u0119 utrzymaniem. Skontaktuj si\u0119 z nami, aby om\u00f3wi\u0107 szczeg\u00f3\u0142y.&nbsp;<\/p>\n<\/div>\n\n\n\n<div class=\"wp-block-group has-background has-global-padding is-layout-constrained wp-block-group-is-layout-constrained\" style=\"background-color:#f7f7f7;margin-top:var(--wp--preset--spacing--x-small);margin-bottom:var(--wp--preset--spacing--x-small)\">\n<p class=\"has-text-align-center has-secondary-color has-text-color has-link-color wp-elements-449db5c0e355bf5181257248d4209900\">TAK\u017bE DOST\u0118PNE<\/p>\n\n\n\n<h2 class=\"wp-block-heading has-text-align-center\"><strong>INNE US\u0141UGI<\/strong><\/h2>\n\n\n\n<p class=\"has-text-align-center\">Nie jeste\u015bmy agentami nieruchomo\u015bci, wi\u0119c nie jestesmy ograniczeni w poszukiwaniu najlepszego rozwi\u0105zania dla Ciebie. Kierujemy si\u0119 potrzebami naszych Klient\u00f3w. Zobacz poni\u017cej w czym sie specjalizujemy . <\/p>\n\n\n\n<p class=\"has-text-align-center\">Zawsze kierujemy si\u0119 dobrem naszego klienta.<\/p>\n<\/div>\n\n\n\n<div class=\"wp-block-cover alignfull\"><span aria-hidden=\"true\" class=\"wp-block-cover__background has-primary-background-color has-background-dim-100 has-background-dim\"><\/span><div class=\"wp-block-cover__inner-container has-global-padding is-layout-constrained wp-block-cover-is-layout-constrained\">\n<p class=\"has-text-align-center has-text-color has-link-color wp-elements-6d689ef553b584dfe0551b956d5fa864\" style=\"color:#a6a6a6\">ZACZNIJ JU\u0179 TERAZ <\/p>\n\n\n\n<h2 class=\"wp-block-heading has-text-align-center\"><strong>NIE JESTE\u015a PEWIEN KT\u00d3RY PAKIET JEST NAJLEPSZY DLA CIEBIE?<\/strong><\/h2>\n\n\n\n<p class=\"has-text-align-center\">Um\u00f3w si\u0119 na bezp\u0142atn\u0105 i niezobowi\u0105zuj\u0105c\u0105 konsultacj\u0119, a my zaproponujemy Ci najlepsze rozwi\u0105zanie dla Twojej sytuacji.<\/p>\n\n\n\n<div class=\"wp-block-buttons is-content-justification-center is-layout-flex wp-container-core-buttons-is-layout-a89b3969 wp-block-buttons-is-layout-flex\">\n<div class=\"wp-block-button is-style-outline is-style-outline--5\"><a class=\"wp-block-button__link wp-element-button\" href=\"https:\/\/calendar.app.google\/s3H7qV92SJEjcsrd6\" target=\"_blank\" rel=\"noreferrer noopener\">UM\u00d3W SI\u0118 NA ROZMOW\u0118<\/a><\/div>\n<\/div>\n<\/div><\/div>","protected":false},"excerpt":{"rendered":"<p>PROPERTY INVESTMENT REAL ESTATE ACQUISITION If you are looking for a holiday home in the sun or if you are looking to invest in property in Spain we are here to assist you. International property buyers have been drawn to Spain due to the sunny weather, light and healthy Mediterranean food and relaxed lifestyle. However, &hellip; <\/p>\n<p class=\"link-more\"><a href=\"https:\/\/litora.es\/pl\/services\/\" class=\"more-link\">Read more<span class=\"screen-reader-text\"> &#8220;Services&#8221;<\/span><\/a><\/p>","protected":false},"author":1,"featured_media":0,"parent":0,"menu_order":0,"comment_status":"closed","ping_status":"closed","template":"","meta":{"inspiro_hide_title":true,"footnotes":""},"class_list":["post-203","page","type-page","status-publish","hentry"],"yoast_head":"<!-- This site is optimized with the Yoast SEO plugin v27.5 - https:\/\/yoast.com\/product\/yoast-seo-wordpress\/ -->\n<title>Services - Litora<\/title>\n<meta name=\"robots\" content=\"index, follow, max-snippet:-1, max-image-preview:large, max-video-preview:-1\" \/>\n<link rel=\"canonical\" href=\"https:\/\/litora.es\/pl\/services\/\" \/>\n<meta property=\"og:locale\" content=\"pl_PL\" \/>\n<meta property=\"og:type\" content=\"article\" \/>\n<meta property=\"og:title\" content=\"Services - Litora\" \/>\n<meta property=\"og:description\" content=\"PROPERTY INVESTMENT REAL ESTATE ACQUISITION If you are looking for a holiday home in the sun or if you are looking to invest in property in Spain we are here to assist you. International property buyers have been drawn to Spain due to the sunny weather, light and healthy Mediterranean food and relaxed lifestyle. However, &hellip; Read more &quot;Services&quot;\" \/>\n<meta property=\"og:url\" content=\"https:\/\/litora.es\/pl\/services\/\" \/>\n<meta property=\"og:site_name\" content=\"Litora\" \/>\n<meta property=\"article:modified_time\" content=\"2026-03-19T11:25:09+00:00\" \/>\n<meta property=\"og:image\" content=\"https:\/\/litora.es\/wp-content\/uploads\/2026\/03\/pexels-freestockpro-12955837.jpg\" \/>\n\t<meta property=\"og:image:width\" content=\"1920\" \/>\n\t<meta property=\"og:image:height\" content=\"1280\" \/>\n\t<meta property=\"og:image:type\" content=\"image\/jpeg\" \/>\n<meta name=\"twitter:card\" content=\"summary_large_image\" \/>\n<meta name=\"twitter:label1\" content=\"Szacowany czas czytania\" \/>\n\t<meta name=\"twitter:data1\" content=\"3 minuty\" \/>\n<script type=\"application\/ld+json\" class=\"yoast-schema-graph\">{\"@context\":\"https:\\\/\\\/schema.org\",\"@graph\":[{\"@type\":\"WebPage\",\"@id\":\"https:\\\/\\\/litora.es\\\/services\\\/\",\"url\":\"https:\\\/\\\/litora.es\\\/services\\\/\",\"name\":\"Services - Litora\",\"isPartOf\":{\"@id\":\"https:\\\/\\\/litora.es\\\/#website\"},\"primaryImageOfPage\":{\"@id\":\"https:\\\/\\\/litora.es\\\/services\\\/#primaryimage\"},\"image\":{\"@id\":\"https:\\\/\\\/litora.es\\\/services\\\/#primaryimage\"},\"thumbnailUrl\":\"https:\\\/\\\/litora.es\\\/wp-content\\\/uploads\\\/2026\\\/03\\\/pexels-freestockpro-12955837-1024x683.jpg\",\"datePublished\":\"2026-03-09T14:45:59+00:00\",\"dateModified\":\"2026-03-19T11:25:09+00:00\",\"breadcrumb\":{\"@id\":\"https:\\\/\\\/litora.es\\\/services\\\/#breadcrumb\"},\"inLanguage\":\"pl-PL\",\"potentialAction\":[{\"@type\":\"ReadAction\",\"target\":[\"https:\\\/\\\/litora.es\\\/services\\\/\"]}]},{\"@type\":\"ImageObject\",\"inLanguage\":\"pl-PL\",\"@id\":\"https:\\\/\\\/litora.es\\\/services\\\/#primaryimage\",\"url\":\"https:\\\/\\\/litora.es\\\/wp-content\\\/uploads\\\/2026\\\/03\\\/pexels-freestockpro-12955837-1024x683.jpg\",\"contentUrl\":\"https:\\\/\\\/litora.es\\\/wp-content\\\/uploads\\\/2026\\\/03\\\/pexels-freestockpro-12955837-1024x683.jpg\"},{\"@type\":\"BreadcrumbList\",\"@id\":\"https:\\\/\\\/litora.es\\\/services\\\/#breadcrumb\",\"itemListElement\":[{\"@type\":\"ListItem\",\"position\":1,\"name\":\"Home\",\"item\":\"https:\\\/\\\/litora.es\\\/\"},{\"@type\":\"ListItem\",\"position\":2,\"name\":\"Services\"}]},{\"@type\":\"WebSite\",\"@id\":\"https:\\\/\\\/litora.es\\\/#website\",\"url\":\"https:\\\/\\\/litora.es\\\/\",\"name\":\"Litora\",\"description\":\"\",\"potentialAction\":[{\"@type\":\"SearchAction\",\"target\":{\"@type\":\"EntryPoint\",\"urlTemplate\":\"https:\\\/\\\/litora.es\\\/?s={search_term_string}\"},\"query-input\":{\"@type\":\"PropertyValueSpecification\",\"valueRequired\":true,\"valueName\":\"search_term_string\"}}],\"inLanguage\":\"pl-PL\"}]}<\/script>\n<!-- \/ Yoast SEO plugin. -->","yoast_head_json":{"title":"Services - Litora","robots":{"index":"index","follow":"follow","max-snippet":"max-snippet:-1","max-image-preview":"max-image-preview:large","max-video-preview":"max-video-preview:-1"},"canonical":"https:\/\/litora.es\/pl\/services\/","og_locale":"pl_PL","og_type":"article","og_title":"Services - Litora","og_description":"PROPERTY INVESTMENT REAL ESTATE ACQUISITION If you are looking for a holiday home in the sun or if you are looking to invest in property in Spain we are here to assist you. International property buyers have been drawn to Spain due to the sunny weather, light and healthy Mediterranean food and relaxed lifestyle. However, &hellip; Read more \"Services\"","og_url":"https:\/\/litora.es\/pl\/services\/","og_site_name":"Litora","article_modified_time":"2026-03-19T11:25:09+00:00","og_image":[{"width":1920,"height":1280,"url":"https:\/\/litora.es\/wp-content\/uploads\/2026\/03\/pexels-freestockpro-12955837.jpg","type":"image\/jpeg"}],"twitter_card":"summary_large_image","twitter_misc":{"Szacowany czas czytania":"3 minuty"},"schema":{"@context":"https:\/\/schema.org","@graph":[{"@type":"WebPage","@id":"https:\/\/litora.es\/services\/","url":"https:\/\/litora.es\/services\/","name":"Services - Litora","isPartOf":{"@id":"https:\/\/litora.es\/#website"},"primaryImageOfPage":{"@id":"https:\/\/litora.es\/services\/#primaryimage"},"image":{"@id":"https:\/\/litora.es\/services\/#primaryimage"},"thumbnailUrl":"https:\/\/litora.es\/wp-content\/uploads\/2026\/03\/pexels-freestockpro-12955837-1024x683.jpg","datePublished":"2026-03-09T14:45:59+00:00","dateModified":"2026-03-19T11:25:09+00:00","breadcrumb":{"@id":"https:\/\/litora.es\/services\/#breadcrumb"},"inLanguage":"pl-PL","potentialAction":[{"@type":"ReadAction","target":["https:\/\/litora.es\/services\/"]}]},{"@type":"ImageObject","inLanguage":"pl-PL","@id":"https:\/\/litora.es\/services\/#primaryimage","url":"https:\/\/litora.es\/wp-content\/uploads\/2026\/03\/pexels-freestockpro-12955837-1024x683.jpg","contentUrl":"https:\/\/litora.es\/wp-content\/uploads\/2026\/03\/pexels-freestockpro-12955837-1024x683.jpg"},{"@type":"BreadcrumbList","@id":"https:\/\/litora.es\/services\/#breadcrumb","itemListElement":[{"@type":"ListItem","position":1,"name":"Home","item":"https:\/\/litora.es\/"},{"@type":"ListItem","position":2,"name":"Services"}]},{"@type":"WebSite","@id":"https:\/\/litora.es\/#website","url":"https:\/\/litora.es\/","name":"Litora","description":"","potentialAction":[{"@type":"SearchAction","target":{"@type":"EntryPoint","urlTemplate":"https:\/\/litora.es\/?s={search_term_string}"},"query-input":{"@type":"PropertyValueSpecification","valueRequired":true,"valueName":"search_term_string"}}],"inLanguage":"pl-PL"}]}},"_links":{"self":[{"href":"https:\/\/litora.es\/pl\/wp-json\/wp\/v2\/pages\/203","targetHints":{"allow":["GET"]}}],"collection":[{"href":"https:\/\/litora.es\/pl\/wp-json\/wp\/v2\/pages"}],"about":[{"href":"https:\/\/litora.es\/pl\/wp-json\/wp\/v2\/types\/page"}],"author":[{"embeddable":true,"href":"https:\/\/litora.es\/pl\/wp-json\/wp\/v2\/users\/1"}],"replies":[{"embeddable":true,"href":"https:\/\/litora.es\/pl\/wp-json\/wp\/v2\/comments?post=203"}],"version-history":[{"count":36,"href":"https:\/\/litora.es\/pl\/wp-json\/wp\/v2\/pages\/203\/revisions"}],"predecessor-version":[{"id":317,"href":"https:\/\/litora.es\/pl\/wp-json\/wp\/v2\/pages\/203\/revisions\/317"}],"wp:attachment":[{"href":"https:\/\/litora.es\/pl\/wp-json\/wp\/v2\/media?parent=203"}],"curies":[{"name":"wp","href":"https:\/\/api.w.org\/{rel}","templated":true}]}}